{"id":265,"date":"2020-02-01T13:23:30","date_gmt":"2020-02-01T11:23:30","guid":{"rendered":"https:\/\/www.marchomar.com\/?page_id=265"},"modified":"2020-02-01T13:24:24","modified_gmt":"2020-02-01T11:24:24","slug":"politica-de-privadesa","status":"publish","type":"page","link":"https:\/\/marchomar.com\/en\/politica-de-privadesa\/","title":{"rendered":"Pol\u00edtica de Privadesa"},"content":{"rendered":"<p>La teva privacitat \u00e9s important per a marchomar.com. En aquesta declaraci\u00f3 de privacitat s&#8217;explica quines dades personals recopilem dels nostres usuaris i com les utilitzem. T&#8217;animem a llegir detingudament aquests termes abans de facilitar les teves dades personals en aquesta web. Els majors de 14 anys podran utilitzar qualsevol funcionalitat on s&#8217;ofereixin dades privades sense el previ consentiment dels seus pares o tutors.<\/p>\n\n\n\n<p>En el cas dels menors de 14 anys es requereix el consentiment dels pares o tutors per al tractament de les seves dades personals.<\/p>\n\n\n\n<p>En cap cas es recopilaran del menor d&#8217;edat dades relatives a la situaci\u00f3 professional, econ\u00f2mica o a la intimitat dels altres membres de la fam\u00edlia, sense el consentiment d&#8217;aquests.<\/p>\n\n\n\n<p>Si ets menor de 14 anys i has accedit a aquest lloc web sense avisar als teus pares no has de compartir cap informaci\u00f3 personal.<\/p>\n\n\n\n<p>En aquesta web es respecten i cuiden les dades personals dels usuaris. Com a usuari has de saber que els teus drets estan garantits.<\/p>\n\n\n\n<p>Marchomar.com ha adequat aquesta web a les exig\u00e8ncies del Reglament (UE) 2016\/679 del Parlament Europeu i del Consell de 27 d&#8217;abril de 2016 relatiu a la protecci\u00f3 de les persones f\u00edsiques (RGPD), la Llei org\u00e0nica 3\/2018, de 5 de desembre, de Protecci\u00f3 de Dades Personals i garantia dels drets digitals (LOPDGDD), aix\u00ed com amb la Llei 34\/2002, d&#8217;11 de juliol, de Serveis de la Societat de la Informaci\u00f3 i Comer\u00e7 Electr\u00f2nic (LSSICE o LSSI).<\/p>\n\n\n\n<p>Responsable del tractament de les teves dades personals:<\/p>\n\n\n\n<ul class=\"wp-block-list\"><li>Identitat del Responsable: Marc Homar Mar\u00edn<\/li><li>Nom comercial: marchomar.com<\/li><li>NIF\/CIF: 43218157F<\/li><li>Adre\u00e7a: C\/Metge Josep Darder, Palma 07008 \u2013 Illes Balears (Espanya)<\/li><li>Correu electr\u00f2nic: info@marchomar.com<\/li><\/ul>\n\n\n\n<p><strong>Com hem obtingut les teves dades?<\/strong><\/p>\n\n\n\n<p>Les dades personals que tractem en marchomar.com procedeixen de:<\/p>\n\n\n\n<ul class=\"wp-block-list\"><li>Formulari de contacte<\/li><\/ul>\n\n\n\n<p><strong>Quins s\u00f3n els teus drets quan ens facilites les teves dades?<\/strong><\/p>\n\n\n\n<p>Qualsevol persona t\u00e9 dret a obtenir confirmaci\u00f3 sobre si a marchomar.com estem tractant les seves dades personals.<\/p>\n\n\n\n<p>Les persones interessades tenen dret a:<\/p>\n\n\n\n<ul class=\"wp-block-list\"><li>Sol\u00b7licitar l&#8217;acc\u00e9s a les dades personals relatives a l&#8217;interessat<\/li><li>Sol\u00b7licitar la seva rectificaci\u00f3 o supressi\u00f3<\/li><li>Sol\u00b7licitar la limitaci\u00f3 del seu tractament<\/li><li>Oposar-se al tractament<\/li><li>Sol\u00b7licitar la portabilitat de les dades<\/li><\/ul>\n\n\n\n<p>Els interessats podran accedir a les seves dades personals, aix\u00ed com a sol\u00b7licitar la rectificaci\u00f3 de les dades inexactes o, si escau, sol\u00b7licitar la seva supressi\u00f3 quan, entre altres motius, les dades ja no siguin necessaris per a les finalitats per les quals van ser recollides. En determinades circumst\u00e0ncies, els interessats podran sol\u00b7licitar la limitaci\u00f3 del tractament de les seves dades, i en aquest cas \u00fanicament les conservarem per a l&#8217;exercici o la defensa de reclamacions.<\/p>\n\n\n\n<p>En exercir el teu dret a la portabilitat de les dades, tindr\u00e0s dret al fet que les dades personals es transmetin directament de responsable a responsable quan sigui t\u00e8cnicament possible. Els interessats tamb\u00e9 tindran dret a la tutela judicial efectiva i a presentar una reclamaci\u00f3 davant l&#8217;autoritat de control, en aquest cas, l&#8217;Ag\u00e8ncia Espanyola de Protecci\u00f3 de Dades, si consideren que el tractament de les seves dades personals infringeix el Reglament.<\/p>\n\n\n\n<p><strong>Amb quina finalitat tractem les teves dades personals?<\/strong><\/p>\n\n\n\n<p>Quan un usuari es connecta a aquesta web per enviar un correu al titular, est\u00e0 facilitant informaci\u00f3 de car\u00e0cter personal de la qual \u00e9s responsable marchomar.com. Aquesta informaci\u00f3 pot incloure dades de car\u00e0cter personal com poden ser la teva adre\u00e7a IP, nom, adre\u00e7a f\u00edsica, adre\u00e7a de correu electr\u00f2nic, n\u00famero de tel\u00e8fon, entre d\u2019altres. En facilitar aquesta informaci\u00f3, l&#8217;usuari d\u00f3na el seu consentiment perqu\u00e8 la seva informaci\u00f3 sigui recopilada, utilitzada, gestionada i emmagatzemada per marchomar.com, nom\u00e9s com es descriu en l&#8217;Av\u00eds Legal i en la present Pol\u00edtica de Privacitat.<\/p>\n\n\n\n<p>A marchomar.com existeixen diferents sistemes de captura d&#8217;informaci\u00f3 personal i tractem la informaci\u00f3 que ens faciliten les persones interessades amb la seg\u00fcent fi per cada sistema de captura (formularis):<\/p>\n\n\n\n<ul class=\"wp-block-list\"><li>Formulari de contacte: La finalitat \u00e9s mantenir la comunicaci\u00f3 objecte del propi assumpte indicat en el formulari de contacte.<\/li><\/ul>\n\n\n\n<p>Existeixen altres finalitats per les quals tractem les teves dades personals:<\/p>\n\n\n\n<ul class=\"wp-block-list\"><li>Per a garantir el compliment de les condicions d&#8217;\u00fas i la llei aplicable. Aix\u00f2 pot incloure el desenvolupament d&#8217;eines i algorismes que ajuden aquesta web a garantir la confidencialitat de les dades personals que recull.<\/li><li>Per a donar suport i millorar els serveis que ofereix aquesta web.<\/li><li>Tamb\u00e9 es recullen altres dades no identificatives que s&#8217;obtenen mitjan\u00e7ant algunes cookies que es descarreguen a l&#8217;ordinador de l&#8217;usuari quan navega en aquesta web, les quals es detallen a la pol\u00edtica de cookies.<\/li><li>Per a gestionar les xarxes socials. marchomar.com pot tenir pres\u00e8ncia en xarxes socials. El tractament de les dades que es dugui a terme de les persones que es facin seguidores en les xarxes socials de les p\u00e0gines oficials marchomar.com es regir\u00e0 per aquest apartat. Aix\u00ed com per aquelles condicions d&#8217;\u00fas, pol\u00edtiques de privacitat i normatives d&#8217;acc\u00e9s que pertanyin a la xarxa social que procedeixi en cada cas i acceptades pr\u00e8viament per l&#8217;usuari de marchomar.com. Tractar\u00e0 les seves dades amb les finalitats d&#8217;administrar correctament la seva pres\u00e8ncia en la xarxa social, informant d&#8217;activitats, productes o serveis de marchomar.com. Aix\u00ed com per a qualsevol altra finalitat que les normatives de les xarxes socials permetin. En cap cas utilitzarem els perfils de seguidors en xarxes socials per a enviar publicitat de manera individual.<\/li><\/ul>\n\n\n\n<p>Marchomar.com, &nbsp;no ven, lloga ni cedeix dades de car\u00e0cter personal que puguin identificar a l&#8217;usuari, ni ho far\u00e0 en el futur, a tercers sense el consentiment previ. No obstant aix\u00f2, en alguns casos es poden realitzar col\u00b7laboracions amb altres professionals, en aquests casos, es requerir\u00e0 consentiment als usuaris informant sobre la identitat del col\u00b7laborador i la finalitat de la col\u00b7laboraci\u00f3. Sempre es realitzar\u00e0 amb els m\u00e9s estrictes est\u00e0ndards de seguretat.<\/p>\n\n\n\n<p><strong>Legitimaci\u00f3 per al tractament de les teves dades<\/strong><\/p>\n\n\n\n<p>La base legal per al tractament de les seves dades \u00e9s: el consentiment.<\/p>\n\n\n\n<p>Per a contactar en aquesta web es requereix el consentiment amb aquesta pol\u00edtica de privacitat.<\/p>\n\n\n\n<p><strong>Categoria de dades<\/strong><\/p>\n\n\n\n<p>Les categories de dades que es tracten s\u00f3n dades identificatives.<\/p>\n\n\n\n<p>No es tracten categories de dades especialment protegides.<\/p>\n\n\n\n<p><strong>Per quant temps conservarem les teves dades?<\/strong><\/p>\n\n\n\n<p>Les dades personals proporcionades es conservaran:<\/p>\n\n\n\n<ul class=\"wp-block-list\"><li>Mentre es mantingui la relaci\u00f3 mercantil.<\/li><li>Fins que no se sol\u00b7liciti la seva supressi\u00f3 per l&#8217;interessat.<\/li><li>Per\u00edode a partir de l&#8217;\u00faltima confirmaci\u00f3 d&#8217;inter\u00e8s: 1 anys.<\/li><\/ul>\n\n\n\n<p><strong>A quins destinataris es comunicaran les teves dades?<\/strong><\/p>\n\n\n\n<p>Moltes eines que utilitzem per a gestionar les teves dades s\u00f3n contractades per tercers.<\/p>\n\n\n\n<p>Per a oferir serveis estrictament necessaris per al desenvolupament de l&#8217;activitat, marchomar.com comparteix dades amb els seg\u00fcents prestadors sota les seves corresponents condicions de privacitat:<\/p>\n\n\n\n<p><strong>Google Analytics<\/strong>: un servei anal\u00edtic de web prestat per Google Inc. una companyia de Delaware l&#8217;oficina principal de la qual est\u00e0 en 1600 Amphitheatre Parkway, Mountain View (Calif\u00f2rnia), CA 94043, els Estats Units (\u201cGoogle\u201d). Google Analytics utilitza \u201ccookies\u201d, que s\u00f3n arxius de text situats en el teu ordinador, per a ajudar a marchomar.com a analitzar l&#8217;\u00fas que fan els usuaris del lloc web. La informaci\u00f3 que genera la cookie sobre el seu \u00fas de marchomar.com (incloent la teva adre\u00e7a IP) ser\u00e0 directament transmesa i arxivada per Google en els servidors dels Estats Units.<\/p>\n\n\n\n<p><strong>Plataforma web<\/strong>: The WordPress Foundation, amb domicili als EUA. M\u00e9s informaci\u00f3 a: https:\/\/wordpress.org (The WordPress Foundation). The WordPress Foundation tracta les dades amb la finalitat de realitzar els seus serveis de plataforma web a marchomar.com.<\/p>\n\n\n\n<p><strong>Navegaci\u00f3<\/strong><\/p>\n\n\n\n<p>En navegar per marchomar.com es poden recollir dades no identificables, que poden incloure, adreces IP, ubicaci\u00f3 geogr\u00e0fica (aproximadament), un registre de com s&#8217;utilitzen els serveis i llocs, i altres dades que no poden ser utilitzades per a identificar a l&#8217;usuari.<\/p>\n\n\n\n<p>Entre les dades no identificatives estan tamb\u00e9 els relacionats als teus h\u00e0bits de navegaci\u00f3 a trav\u00e9s de serveis de tercers. Aquesta web utilitza els seg\u00fcents serveis d&#8217;an\u00e0lisis de tercers:<br><br><strong>Google analytics<\/strong><\/p>\n\n\n\n<p>Utilitzem aquesta informaci\u00f3 per a analitzar tend\u00e8ncies, administrar el lloc, rastrejar els moviments dels usuaris al voltant del lloc i per a recopilar informaci\u00f3 demogr\u00e0fica sobre la nostra base d&#8217;usuaris en el seu conjunt.<\/p>\n\n\n\n<p><strong>Secret i seguretat de les dades<\/strong><\/p>\n\n\n\n<p>Marchomar.com es compromet a l&#8217;\u00fas i tractament de les dades incloses personals dels usuaris, respectant la seva confidencialitat i a utilitzar-los d&#8217;acord amb la finalitat d&#8217;aquest, aix\u00ed com a donar compliment a la seva obligaci\u00f3 de guardar-los i adaptar totes les mesures per a evitar l&#8217;alteraci\u00f3, p\u00e8rdua, tractament o acc\u00e9s no autoritzat, de conformitat amb el que s&#8217;estableix en la normativa vigent de protecci\u00f3 de dades.<\/p>\n\n\n\n<p>Aquesta web inclou un certificat SSL. Es tracta d&#8217;un protocol de seguretat que fa que les teves dades viatgin de manera \u00edntegra i segura, \u00e9s a dir, la transmissi\u00f3 de les dades entre un servidor i usuari web, i en retroalimentaci\u00f3, \u00e9s totalment xifrada o encriptada.<\/p>\n\n\n\n<p>Marchomar.com no pot garantir l&#8217;absoluta inexpugnabilidad de la xarxa Internet i per tant la violaci\u00f3 de les dades mitjan\u00e7ant accessos fraudulents a ells per part de tercers.<\/p>\n\n\n\n<p>Respecte a la confidencialitat del processament, marchomar.com s&#8217;assegurar\u00e0 que qualsevol persona que estigui autoritzada per marchomar.com per a processar les dades del client (incl\u00f2s el seu personal, col\u00b7laboradors i prestadors), estar\u00e0 sota l&#8217;obligaci\u00f3 apropiada de confidencialitat (ja sigui un deure contractual o legal).Quan es presenti algun incident de seguretat, en adonar-se marchomar.com, haur\u00e0 de notificar al Client sense demores indegudes i haur\u00e0 de proporcionar informaci\u00f3 oportuna relacionada amb l&#8217;Incident de Seguretat aix\u00ed com es conegui o quan el Client el sol\u00b7liciti raonablement.<\/p>\n\n\n\n<p><strong>Exactitud i veracitat de les dades<\/strong><\/p>\n\n\n\n<p>Com a usuari, ets l&#8217;\u00fanic responsable de la veracitat i correcci\u00f3 de les dades que remetis a marchomar.com exonerant a marchomar.com, de qualsevol responsabilitat sobre aquest tema.<\/p>\n\n\n\n<p>Els usuaris garanteixen i responen, en qualsevol cas, de l&#8217;exactitud, vig\u00e8ncia i autenticitat de les dades personals facilitades, i es comprometen a mantenir-los degudament actualitzats. L&#8217;usuari accepta proporcionar informaci\u00f3 completa i correcta en el formulari de contacte o subscripci\u00f3.<\/p>\n\n\n\n<p><strong>Acceptaci\u00f3 i consentiment<\/strong><\/p>\n\n\n\n<p>L&#8217;usuari declara haver estat informat de les condicions sobre protecci\u00f3 de dades de car\u00e0cter personal, acceptant i consentint el tractament dels mateixos per part de marchomar.com en la forma i per a les finalitats indicades en aquesta pol\u00edtica de privacitat.<\/p>\n\n\n\n<p><strong>Revocabilitat<\/strong><\/p>\n\n\n\n<p>El consentiment prestat, tant per al tractament com per a la cessi\u00f3 de les dades dels interessats, \u00e9s revocable en qualsevol moment comunicant-lo a marchomar.com en els termes establerts en aquesta Pol\u00edtica per a l&#8217;exercici dels drets ARC. Aquesta revocaci\u00f3 en cap cas tindr\u00e0 car\u00e0cter retroactiu.<\/p>\n\n\n\n<p><strong>Canvis en la pol\u00edtica de privacitat<\/strong><\/p>\n\n\n\n<p>Marchomar.com es reserva el dret a modificar la present pol\u00edtica per a adaptar-la a novetats legislatives o jurisprudencials, aix\u00ed com a pr\u00e0ctiques de la ind\u00fastria. En aquests sup\u00f2sits, marchomar.com anunciar\u00e0 en aquesta p\u00e0gina els canvis introdu\u00efts amb raonable antelaci\u00f3 a la seva posada en pr\u00e0ctica.<\/p>\n\n\n\n<p><strong>Correus comercials<\/strong><\/p>\n\n\n\n<p>D&#8217;acord amb la LSSICE,<strong> <\/strong>marchomar.com no realitza pr\u00e0ctiques de SPAM, per la qual cosa no envia correus comercials per via electr\u00f2nica que no hagin estat pr\u00e8viament sol\u00b7licitats o autoritzats per l&#8217;usuari. <\/p>\n\n\n\n<p>Conforme al que es disposa en la Llei 34\/2002 de Serveis de la Societat de la Informaci\u00f3 i de comer\u00e7 electr\u00f2nic, marchomar.com es compromet a no enviar comunicacions de car\u00e0cter comercial sense identificar-les degudament.<\/p>\n\n\n\n<p>Aquest document ha estat actualitzat per \u00faltima vegada el 10 de gener del 2020.<\/p>\n\n\n\n<p>De part de l&#8217;equip que formem marchomar.com t&#8217;agra\u00efm el temps dedicat a llegir aquesta pol\u00edtica de privacitat.<\/p>","protected":false},"excerpt":{"rendered":"<p>La teva privacitat \u00e9s important per a marchomar.com. En aquesta declaraci\u00f3 de privacitat s&#8217;explica quines dades personals recopilem dels nostres usuaris i com les utilitzem. T&#8217;animem a llegir detingudament aquests termes abans de facilitar les teves dades personals en aquesta web. Els majors de 14 anys podran utilitzar qualsevol funcionalitat on s&#8217;ofereixin dades privades sense [&hellip;]<\/p>","protected":false},"author":1,"featured_media":0,"parent":0,"menu_order":0,"comment_status":"closed","ping_status":"closed","template":"page-politica.php","meta":{"footnotes":""},"class_list":["post-265","page","type-page","status-publish","hentry"],"yoast_head":"<!-- This site is optimized with the Yoast SEO plugin v24.6 - https:\/\/yoast.com\/wordpress\/plugins\/seo\/ -->\n<title>Pol\u00edtica de Privadesa - Marc Homar<\/title>\n<meta name=\"description\" content=\"Web Development: Codi personalitzat, responsive, creaci\u00f3 de temes wordpress, HTML, CSS, Javascript, PHP. Visuals: Videojockey, VideoMapping.\" \/>\n<meta name=\"robots\" content=\"noindex, follow\" \/>\n<meta property=\"og:locale\" content=\"en_GB\" \/>\n<meta property=\"og:type\" content=\"article\" \/>\n<meta property=\"og:title\" content=\"Pol\u00edtica de Privadesa - Marc Homar\" \/>\n<meta property=\"og:description\" content=\"Web Development: Codi personalitzat, responsive, creaci\u00f3 de temes wordpress, HTML, CSS, Javascript, PHP. Visuals: Videojockey, VideoMapping.\" \/>\n<meta property=\"og:url\" content=\"https:\/\/marchomar.com\/en\/politica-de-privadesa\/\" \/>\n<meta property=\"og:site_name\" content=\"Marc Homar\" \/>\n<meta property=\"article:publisher\" content=\"https:\/\/www.facebook.com\/visual.marchomar\" \/>\n<meta property=\"article:modified_time\" content=\"2020-02-01T11:24:24+00:00\" \/>\n<meta name=\"twitter:card\" content=\"summary_large_image\" \/>\n<meta name=\"twitter:label1\" content=\"Estimated reading time\" \/>\n\t<meta name=\"twitter:data1\" content=\"10 minutes\" \/>\n<script type=\"application\/ld+json\" class=\"yoast-schema-graph\">{\"@context\":\"https:\/\/schema.org\",\"@graph\":[{\"@type\":\"WebPage\",\"@id\":\"https:\/\/marchomar.com\/politica-de-privadesa\/\",\"url\":\"https:\/\/marchomar.com\/politica-de-privadesa\/\",\"name\":\"Pol\u00edtica de Privadesa - Marc Homar\",\"isPartOf\":{\"@id\":\"https:\/\/marchomar.com\/#website\"},\"datePublished\":\"2020-02-01T11:23:30+00:00\",\"dateModified\":\"2020-02-01T11:24:24+00:00\",\"description\":\"Web Development: Codi personalitzat, responsive, creaci\u00f3 de temes wordpress, HTML, CSS, Javascript, PHP. Visuals: Videojockey, VideoMapping.\",\"breadcrumb\":{\"@id\":\"https:\/\/marchomar.com\/politica-de-privadesa\/#breadcrumb\"},\"inLanguage\":\"en-GB\",\"potentialAction\":[{\"@type\":\"ReadAction\",\"target\":[\"https:\/\/marchomar.com\/politica-de-privadesa\/\"]}]},{\"@type\":\"BreadcrumbList\",\"@id\":\"https:\/\/marchomar.com\/politica-de-privadesa\/#breadcrumb\",\"itemListElement\":[{\"@type\":\"ListItem\",\"position\":1,\"name\":\"Inici\",\"item\":\"https:\/\/marchomar.com\/\"},{\"@type\":\"ListItem\",\"position\":2,\"name\":\"Pol\u00edtica de Privadesa\"}]},{\"@type\":\"WebSite\",\"@id\":\"https:\/\/marchomar.com\/#website\",\"url\":\"https:\/\/marchomar.com\/\",\"name\":\"Marc Homar\",\"description\":\"Marc Homar desenvolupament web i art visual\",\"publisher\":{\"@id\":\"https:\/\/marchomar.com\/#organization\"},\"potentialAction\":[{\"@type\":\"SearchAction\",\"target\":{\"@type\":\"EntryPoint\",\"urlTemplate\":\"https:\/\/marchomar.com\/?s={search_term_string}\"},\"query-input\":{\"@type\":\"PropertyValueSpecification\",\"valueRequired\":true,\"valueName\":\"search_term_string\"}}],\"inLanguage\":\"en-GB\"},{\"@type\":\"Organization\",\"@id\":\"https:\/\/marchomar.com\/#organization\",\"name\":\"Marc Homar\",\"url\":\"https:\/\/marchomar.com\/\",\"logo\":{\"@type\":\"ImageObject\",\"inLanguage\":\"en-GB\",\"@id\":\"https:\/\/marchomar.com\/#\/schema\/logo\/image\/\",\"url\":\"https:\/\/marchomar.com\/wp-content\/uploads\/2018\/11\/logoDef2.png\",\"contentUrl\":\"https:\/\/marchomar.com\/wp-content\/uploads\/2018\/11\/logoDef2.png\",\"width\":512,\"height\":512,\"caption\":\"Marc Homar\"},\"image\":{\"@id\":\"https:\/\/marchomar.com\/#\/schema\/logo\/image\/\"},\"sameAs\":[\"https:\/\/www.facebook.com\/visual.marchomar\",\"https:\/\/www.instagram.com\/marc.homar\/\",\"https:\/\/es.linkedin.com\/in\/marc-homar-mar\u00edn-87aa07ab\",\"https:\/\/www.youtube.com\/channel\/UC8KSBFtlCH8YnavyvzkiJuA\"]}]}<\/script>\n<!-- \/ Yoast SEO plugin. -->","yoast_head_json":{"title":"Pol\u00edtica de Privadesa - Marc Homar","description":"Web Development: Codi personalitzat, responsive, creaci\u00f3 de temes wordpress, HTML, CSS, Javascript, PHP. Visuals: Videojockey, VideoMapping.","robots":{"index":"noindex","follow":"follow"},"og_locale":"en_GB","og_type":"article","og_title":"Pol\u00edtica de Privadesa - Marc Homar","og_description":"Web Development: Codi personalitzat, responsive, creaci\u00f3 de temes wordpress, HTML, CSS, Javascript, PHP. Visuals: Videojockey, VideoMapping.","og_url":"https:\/\/marchomar.com\/en\/politica-de-privadesa\/","og_site_name":"Marc Homar","article_publisher":"https:\/\/www.facebook.com\/visual.marchomar","article_modified_time":"2020-02-01T11:24:24+00:00","twitter_card":"summary_large_image","twitter_misc":{"Estimated reading time":"10 minutes"},"schema":{"@context":"https:\/\/schema.org","@graph":[{"@type":"WebPage","@id":"https:\/\/marchomar.com\/politica-de-privadesa\/","url":"https:\/\/marchomar.com\/politica-de-privadesa\/","name":"Pol\u00edtica de Privadesa - Marc Homar","isPartOf":{"@id":"https:\/\/marchomar.com\/#website"},"datePublished":"2020-02-01T11:23:30+00:00","dateModified":"2020-02-01T11:24:24+00:00","description":"Web Development: Codi personalitzat, responsive, creaci\u00f3 de temes wordpress, HTML, CSS, Javascript, PHP. Visuals: Videojockey, VideoMapping.","breadcrumb":{"@id":"https:\/\/marchomar.com\/politica-de-privadesa\/#breadcrumb"},"inLanguage":"en-GB","potentialAction":[{"@type":"ReadAction","target":["https:\/\/marchomar.com\/politica-de-privadesa\/"]}]},{"@type":"BreadcrumbList","@id":"https:\/\/marchomar.com\/politica-de-privadesa\/#breadcrumb","itemListElement":[{"@type":"ListItem","position":1,"name":"Inici","item":"https:\/\/marchomar.com\/"},{"@type":"ListItem","position":2,"name":"Pol\u00edtica de Privadesa"}]},{"@type":"WebSite","@id":"https:\/\/marchomar.com\/#website","url":"https:\/\/marchomar.com\/","name":"Marc Homar","description":"Marc Homar desenvolupament web i art visual","publisher":{"@id":"https:\/\/marchomar.com\/#organization"},"potentialAction":[{"@type":"SearchAction","target":{"@type":"EntryPoint","urlTemplate":"https:\/\/marchomar.com\/?s={search_term_string}"},"query-input":{"@type":"PropertyValueSpecification","valueRequired":true,"valueName":"search_term_string"}}],"inLanguage":"en-GB"},{"@type":"Organization","@id":"https:\/\/marchomar.com\/#organization","name":"Marc Homar","url":"https:\/\/marchomar.com\/","logo":{"@type":"ImageObject","inLanguage":"en-GB","@id":"https:\/\/marchomar.com\/#\/schema\/logo\/image\/","url":"https:\/\/marchomar.com\/wp-content\/uploads\/2018\/11\/logoDef2.png","contentUrl":"https:\/\/marchomar.com\/wp-content\/uploads\/2018\/11\/logoDef2.png","width":512,"height":512,"caption":"Marc Homar"},"image":{"@id":"https:\/\/marchomar.com\/#\/schema\/logo\/image\/"},"sameAs":["https:\/\/www.facebook.com\/visual.marchomar","https:\/\/www.instagram.com\/marc.homar\/","https:\/\/es.linkedin.com\/in\/marc-homar-mar\u00edn-87aa07ab","https:\/\/www.youtube.com\/channel\/UC8KSBFtlCH8YnavyvzkiJuA"]}]}},"_links":{"self":[{"href":"https:\/\/marchomar.com\/en\/wp-json\/wp\/v2\/pages\/265","targetHints":{"allow":["GET"]}}],"collection":[{"href":"https:\/\/marchomar.com\/en\/wp-json\/wp\/v2\/pages"}],"about":[{"href":"https:\/\/marchomar.com\/en\/wp-json\/wp\/v2\/types\/page"}],"author":[{"embeddable":true,"href":"https:\/\/marchomar.com\/en\/wp-json\/wp\/v2\/users\/1"}],"replies":[{"embeddable":true,"href":"https:\/\/marchomar.com\/en\/wp-json\/wp\/v2\/comments?post=265"}],"version-history":[{"count":3,"href":"https:\/\/marchomar.com\/en\/wp-json\/wp\/v2\/pages\/265\/revisions"}],"predecessor-version":[{"id":270,"href":"https:\/\/marchomar.com\/en\/wp-json\/wp\/v2\/pages\/265\/revisions\/270"}],"wp:attachment":[{"href":"https:\/\/marchomar.com\/en\/wp-json\/wp\/v2\/media?parent=265"}],"curies":[{"name":"wp","href":"https:\/\/api.w.org\/{rel}","templated":true}]}}