{"id":266,"date":"2020-02-01T13:24:47","date_gmt":"2020-02-01T11:24:47","guid":{"rendered":"https:\/\/www.marchomar.com\/?page_id=266"},"modified":"2020-02-01T13:24:48","modified_gmt":"2020-02-01T11:24:48","slug":"avis-legal","status":"publish","type":"page","link":"https:\/\/marchomar.com\/en\/avis-legal\/","title":{"rendered":"Av\u00eds Legal"},"content":{"rendered":"<p><strong>Objecte<\/strong><\/p>\n\n\n\n<p>El present lloc web t\u00e9 per objecte donar a con\u00e8ixer el treball de Marc Homar i t\u00e9 un car\u00e0cter merament informatiu.<\/p>\n\n\n\n<p>Marc Homar Mar\u00edn no ser\u00e0 en cap cas responsable dels errors o omissions que poguessin existir en la informaci\u00f3 facilitada, ni de l\u2019aplicaci\u00f3 o \u00fas concret que pogu\u00e9s fer-se\u2019n de la mateixa.<\/p>\n\n\n\n<p>Marc Homar Mar\u00edn es reserva el dret de modificar en qualsevol moment i sense previ av\u00eds el contingut de la web, el present Av\u00eds Legal aix\u00ed com les condicions d\u2019\u00fas que poguessin resultar aplicables a la present web.<\/p>\n\n\n\n<p><strong>Identificaci\u00f3<\/strong><\/p>\n\n\n\n<p>En compliment amb el deure d\u2019informaci\u00f3 recollit en l\u2019article 10 de la Llei 34\/2002, de l\u201911 de juliol, de Serveis de la Societat de la Informaci\u00f3 i del Comer\u00e7 Electr\u00f2nic, les dades aqu\u00ed consignades corresponen a l\u2019entitat titular d\u2019aquesta Web:<\/p>\n\n\n\n<ul class=\"wp-block-list\"><li>Denominaci\u00f3 Social: Marc Homar Mar\u00edn<\/li><li>NIF\/CIF: 43218157F<\/li><li>Adre\u00e7a: C\/Metge Josep Darder, Palma 07008 \u2013 Illes Balears (Espanya)<\/li><li>Correu electr\u00f2nic: info@marchomar.com<\/li><\/ul>\n\n\n\n<p><strong>Propietat intel\u00b7lectual i industrial<\/strong><\/p>\n\n\n\n<p>Tots els drets de la Propietat Industrial i Intel\u00b7lectual de la totalitat d\u2019elements continguts en aquesta Web, incloses les marques comercials, formats, dissenys gr\u00e0fics, textos, imatges i documents, pertanyen a&nbsp;Marc Homar Mar\u00edn, i es troben protegits por les lleis espanyoles i internacionals sobre propietat Intel\u00b7lectual i Industrial. Queda expressament prohibida la reproducci\u00f3 total o parcial d\u2019aquest lloc web i de qualsevol dels seus continguts sense perm\u00eds i per escrit de&nbsp;Marc Homar Mar\u00edn<\/p>\n\n\n\n<p>L\u2019acc\u00e9s al lloc web no implica cap tipus de ren\u00fancia, transmissi\u00f3, llic\u00e8ncia o cessi\u00f3 dels esmentats drets per part de&nbsp;Marc Homar Mar\u00edn, tret que s\u2019estableixi expressament el contrari.<\/p>\n\n\n\n<p><strong>Condicions d\u2019\u00fas<\/strong><\/p>\n\n\n\n<p>L\u2019acc\u00e9s a aquest lloc Web implica l\u2019acceptaci\u00f3 d\u2019aquestes condicions d\u2019\u00fas sense reserves que regulen l\u2019acc\u00e9s i la utilitzaci\u00f3 del mateix amb la finalitat de posar a disposici\u00f3 dels usuaris informaci\u00f3 sobre els nostres productes i serveis.<\/p>\n\n\n\n<p>Es prohibeix expressament la utilitzaci\u00f3 dels continguts d\u2019aquest lloc Web per a la seva utilitzaci\u00f3 amb fins comercials o per a la seva distribuci\u00f3, transformaci\u00f3 o comunicaci\u00f3.<\/p>\n\n\n\n<p>Marc Homar Mar\u00edn, no respondr\u00e0 de cap conseq\u00fc\u00e8ncia, dany o perjudici que pogu\u00e9s derivar-se de l\u2019esmentada utilitzaci\u00f3 o \u00fas de la informaci\u00f3.<\/p>\n\n\n\n<p>Tant l\u2019acc\u00e9s a aquesta Web com l\u2019\u00fas que pugui fer-se\u2019n de la informaci\u00f3 continguda en la mateixa \u00e9s de l\u2019exclusiva responsabilitat de qui ho realitza.<\/p>\n\n\n\n<p>L\u2019usuari s\u2019obliga a no utilitzar la informaci\u00f3 que es publica en aquesta Web amb fins o efectes il\u00b7l\u00edcits o lesius, a no fer malb\u00e9 o inutilitzar la informaci\u00f3 i a no realitzar qualsevol altra acci\u00f3 que pugui ser contr\u00e0ria al contingut d\u2019aquest Av\u00eds Legal.<\/p>\n\n\n\n<p>Marc Homar Mar\u00edn, es reserva el dret a modificar els continguts de l\u2019oferta comercial dels productes quan ho estimi oport\u00fa i a mantenir el seu contingut actualitzat.<\/p>\n\n\n\n<p>Marc Homar Mar\u00edn, no pot assegurar la inexist\u00e8ncia d\u2019interrupcions o errors en l\u2019acc\u00e9s a aquest lloc Web, encara que posar\u00e0 els seus majors esfor\u00e7os per evitar-los.<\/p>\n\n\n\n<p><strong>Pol\u00edtica de Protecci\u00f3 de Dades<\/strong><\/p>\n\n\n\n<p>De conformitat amb el que es disposa en la Llei Org\u00e0nica 15\/1999, de Protecci\u00f3 de Dades de Car\u00e0cter Personal, s\u2019informa a l\u2019usuari que les dades personals subministrades seran incorporades a un fitxer titularitat de Marc Homar Mar\u00edn, amb la finalitat de poder gestionar les seves peticions i\/o consultes.<\/p>\n\n\n\n<p>A trav\u00e9s de l\u2019emplenament de formularis de la Web o mitjan\u00e7ant l\u2019enviament de correus electr\u00f2nics o qualsevol altre tipus de sol\u00b7licitud d\u2019informaci\u00f3 remesa a&nbsp;Marc Homar Mar\u00edn, l\u2019interessat presta el seu consentiment expr\u00e9s per al tractament de les seves dades personals i per rebre comunicacions sobre les activitats i serveis de&nbsp;Marc Homar Mar\u00edn.<\/p>\n\n\n\n<p>En cap cas Marc Homar Mar\u00edn, utilitzar\u00e0 les dades personals dels interessats per fins diferents dels anteriorment esmentats, i es compromet a guardar el degut secret professional i a establir les mesures t\u00e8cniques i organitzatives necess\u00e0ries per salvaguardar la informaci\u00f3 conforme als requeriments que estableix el RD 1720\/2007, de desenvolupament de la LOPD.<\/p>\n\n\n\n<p>Pot exercir els drets d\u2019acc\u00e9s, rectificaci\u00f3, cancel\u00b7laci\u00f3 i oposici\u00f3 en qualsevol moment, mitjan\u00e7ant escrit, acompanyat de c\u00f2pia de document oficial que l\u2019identifiqui, adre\u00e7at a Marc Homar Mar\u00edn, C\/Metge Josep Darder, Palma 07008 \u2013 Illes Balears (Espanya).<\/p>\n\n\n\n<p><strong>Xarxes&nbsp; socials<\/strong><\/p>\n\n\n\n<p>Posem en coneixement seu que estem presents en Xarxes Socials. El tractament de les dades que es realitzi de les persones que es facin seguidores (i\/o realitzin qualsevol vincle o acci\u00f3 de connexi\u00f3 a trav\u00e9s de las Xarxes Socials) de les p\u00e0gines oficials de marchomar.com, en les xarxes socials, es regir\u00e0 per aquest apartat, aix\u00ed com per aquelles condicions d\u2019\u00fas, pol\u00edtiques de privacitat i dem\u00e9s normatives d\u2019acc\u00e9s, \u00fas i similars que pertanyin a la xarxa social que correspongui, de les quals l\u2019usuari de las Xarxes Socials, ja haur\u00e0 acceptat.&nbsp;Marc Homar Mar\u00edn, tractar\u00e0 les seves dades amb les finalitats d\u2019administrar correctament la seva pres\u00e8ncia a la xarxa social que correspongui, informar-lo d\u2019activitats o serveis de marchomar.com, o de tercers que puguin estar relacionats amb la nostra activitat aix\u00ed com per qualsevol altra finalitat que les normatives de les Xarxes Socials puguin permetre.<\/p>\n\n\n\n<p><strong>Enlla\u00e7os<\/strong><\/p>\n\n\n\n<p>Al punxar en qualsevol dels enlla\u00e7os (o hiperenlla\u00e7os) que puguin apar\u00e8ixer en el nostre lloc web, vost\u00e8 accepta fer-ho a t\u00edtol informatiu i reconeix que Marc Homar Mar\u00edn no exerceix cap control sobre ni respon del contingut de la informaci\u00f3 a la que accedeixi.<\/p>\n\n\n\n<p><strong>Pol\u00edtica de protecci\u00f3 de menors<\/strong><\/p>\n\n\n\n<p>Queda prohibit l\u2019acc\u00e9s i \u00fas d\u2019aquest lloc Web als menors de 14 anys que no estiguin degudament autoritzats. Marc Homar Mar\u00edn, ent\u00e9n que des del moment en que un menor accedeix a aquesta Web, compta amb el perm\u00eds dels seus pares, del seu tutor o del seu representant legal.<\/p>\n\n\n\n<p>Marc Homar Mar\u00edn, recorda a les persones majors d\u2019edat que tinguin al seu c\u00e0rrec a menors, que ser\u00e0 de la seva exclusiva responsabilitat si algun menor incorpora les seves dades per a sol\u00b7licitar alguna informaci\u00f3 o servei.<\/p>\n\n\n\n<p>Tamb\u00e9 se\u2019ls informa que existeixen programes inform\u00e0tics per acotar la navegaci\u00f3 mitjan\u00e7ant el filtre o bloqueig a determinats continguts.<\/p>\n\n\n\n<p><strong>Legislaci\u00f3 i jurisdicci\u00f3 aplicable<\/strong><\/p>\n\n\n\n<p>Les presents condicions es regeixen per la normativa espanyola vigent que li \u00e9s d\u2019aplicaci\u00f3.<\/p>\n\n\n\n<p>Per a la resoluci\u00f3 de les controv\u00e8rsies que poguessin derivar-se com a conseq\u00fc\u00e8ncia del disposat en les presents disposicions, i amb ren\u00fancia expressa a qualsevol altre fuoro que pogu\u00e9s correspondre, l\u2019Usuari acorda sotmetre\u2019s a la Jurisdicci\u00f3 dels Jutjats i Tribunals de Barcelona (Espanya).<br><\/p>\n\n\n\n<p><br><\/p>\n\n\n\n<p><\/p>","protected":false},"excerpt":{"rendered":"<p>Objecte El present lloc web t\u00e9 per objecte donar a con\u00e8ixer el treball de Marc Homar i t\u00e9 un car\u00e0cter merament informatiu. Marc Homar Mar\u00edn no ser\u00e0 en cap cas responsable dels errors o omissions que poguessin existir en la informaci\u00f3 facilitada, ni de l\u2019aplicaci\u00f3 o \u00fas concret que pogu\u00e9s fer-se\u2019n de la mateixa. Marc [&hellip;]<\/p>","protected":false},"author":1,"featured_media":0,"parent":0,"menu_order":0,"comment_status":"closed","ping_status":"closed","template":"page-politica.php","meta":{"footnotes":""},"class_list":["post-266","page","type-page","status-publish","hentry"],"yoast_head":"<!-- This site is optimized with the Yoast SEO plugin v24.6 - https:\/\/yoast.com\/wordpress\/plugins\/seo\/ -->\n<title>Av\u00eds Legal - Marc Homar<\/title>\n<meta name=\"description\" content=\"Web Development: Codi personalitzat, responsive, creaci\u00f3 de temes wordpress, HTML, CSS, Javascript, PHP. Visuals: Videojockey, VideoMapping.\" \/>\n<meta name=\"robots\" content=\"noindex, follow\" \/>\n<meta property=\"og:locale\" content=\"en_GB\" \/>\n<meta property=\"og:type\" content=\"article\" \/>\n<meta property=\"og:title\" content=\"Av\u00eds Legal - Marc Homar\" \/>\n<meta property=\"og:description\" content=\"Web Development: Codi personalitzat, responsive, creaci\u00f3 de temes wordpress, HTML, CSS, Javascript, PHP. Visuals: Videojockey, VideoMapping.\" \/>\n<meta property=\"og:url\" content=\"https:\/\/marchomar.com\/en\/avis-legal\/\" \/>\n<meta property=\"og:site_name\" content=\"Marc Homar\" \/>\n<meta property=\"article:publisher\" content=\"https:\/\/www.facebook.com\/visual.marchomar\" \/>\n<meta property=\"article:modified_time\" content=\"2020-02-01T11:24:48+00:00\" \/>\n<meta name=\"twitter:card\" content=\"summary_large_image\" \/>\n<meta name=\"twitter:label1\" content=\"Estimated reading time\" \/>\n\t<meta name=\"twitter:data1\" content=\"6 minutes\" \/>\n<script type=\"application\/ld+json\" class=\"yoast-schema-graph\">{\"@context\":\"https:\/\/schema.org\",\"@graph\":[{\"@type\":\"WebPage\",\"@id\":\"https:\/\/marchomar.com\/avis-legal\/\",\"url\":\"https:\/\/marchomar.com\/avis-legal\/\",\"name\":\"Av\u00eds Legal - Marc Homar\",\"isPartOf\":{\"@id\":\"https:\/\/marchomar.com\/#website\"},\"datePublished\":\"2020-02-01T11:24:47+00:00\",\"dateModified\":\"2020-02-01T11:24:48+00:00\",\"description\":\"Web Development: Codi personalitzat, responsive, creaci\u00f3 de temes wordpress, HTML, CSS, Javascript, PHP. Visuals: Videojockey, VideoMapping.\",\"breadcrumb\":{\"@id\":\"https:\/\/marchomar.com\/avis-legal\/#breadcrumb\"},\"inLanguage\":\"en-GB\",\"potentialAction\":[{\"@type\":\"ReadAction\",\"target\":[\"https:\/\/marchomar.com\/avis-legal\/\"]}]},{\"@type\":\"BreadcrumbList\",\"@id\":\"https:\/\/marchomar.com\/avis-legal\/#breadcrumb\",\"itemListElement\":[{\"@type\":\"ListItem\",\"position\":1,\"name\":\"Inici\",\"item\":\"https:\/\/marchomar.com\/\"},{\"@type\":\"ListItem\",\"position\":2,\"name\":\"Av\u00eds Legal\"}]},{\"@type\":\"WebSite\",\"@id\":\"https:\/\/marchomar.com\/#website\",\"url\":\"https:\/\/marchomar.com\/\",\"name\":\"Marc Homar\",\"description\":\"Marc Homar desenvolupament web i art visual\",\"publisher\":{\"@id\":\"https:\/\/marchomar.com\/#organization\"},\"potentialAction\":[{\"@type\":\"SearchAction\",\"target\":{\"@type\":\"EntryPoint\",\"urlTemplate\":\"https:\/\/marchomar.com\/?s={search_term_string}\"},\"query-input\":{\"@type\":\"PropertyValueSpecification\",\"valueRequired\":true,\"valueName\":\"search_term_string\"}}],\"inLanguage\":\"en-GB\"},{\"@type\":\"Organization\",\"@id\":\"https:\/\/marchomar.com\/#organization\",\"name\":\"Marc Homar\",\"url\":\"https:\/\/marchomar.com\/\",\"logo\":{\"@type\":\"ImageObject\",\"inLanguage\":\"en-GB\",\"@id\":\"https:\/\/marchomar.com\/#\/schema\/logo\/image\/\",\"url\":\"https:\/\/marchomar.com\/wp-content\/uploads\/2018\/11\/logoDef2.png\",\"contentUrl\":\"https:\/\/marchomar.com\/wp-content\/uploads\/2018\/11\/logoDef2.png\",\"width\":512,\"height\":512,\"caption\":\"Marc Homar\"},\"image\":{\"@id\":\"https:\/\/marchomar.com\/#\/schema\/logo\/image\/\"},\"sameAs\":[\"https:\/\/www.facebook.com\/visual.marchomar\",\"https:\/\/www.instagram.com\/marc.homar\/\",\"https:\/\/es.linkedin.com\/in\/marc-homar-mar\u00edn-87aa07ab\",\"https:\/\/www.youtube.com\/channel\/UC8KSBFtlCH8YnavyvzkiJuA\"]}]}<\/script>\n<!-- \/ Yoast SEO plugin. -->","yoast_head_json":{"title":"Av\u00eds Legal - Marc Homar","description":"Web Development: Codi personalitzat, responsive, creaci\u00f3 de temes wordpress, HTML, CSS, Javascript, PHP. Visuals: Videojockey, VideoMapping.","robots":{"index":"noindex","follow":"follow"},"og_locale":"en_GB","og_type":"article","og_title":"Av\u00eds Legal - Marc Homar","og_description":"Web Development: Codi personalitzat, responsive, creaci\u00f3 de temes wordpress, HTML, CSS, Javascript, PHP. Visuals: Videojockey, VideoMapping.","og_url":"https:\/\/marchomar.com\/en\/avis-legal\/","og_site_name":"Marc Homar","article_publisher":"https:\/\/www.facebook.com\/visual.marchomar","article_modified_time":"2020-02-01T11:24:48+00:00","twitter_card":"summary_large_image","twitter_misc":{"Estimated reading time":"6 minutes"},"schema":{"@context":"https:\/\/schema.org","@graph":[{"@type":"WebPage","@id":"https:\/\/marchomar.com\/avis-legal\/","url":"https:\/\/marchomar.com\/avis-legal\/","name":"Av\u00eds Legal - Marc Homar","isPartOf":{"@id":"https:\/\/marchomar.com\/#website"},"datePublished":"2020-02-01T11:24:47+00:00","dateModified":"2020-02-01T11:24:48+00:00","description":"Web Development: Codi personalitzat, responsive, creaci\u00f3 de temes wordpress, HTML, CSS, Javascript, PHP. Visuals: Videojockey, VideoMapping.","breadcrumb":{"@id":"https:\/\/marchomar.com\/avis-legal\/#breadcrumb"},"inLanguage":"en-GB","potentialAction":[{"@type":"ReadAction","target":["https:\/\/marchomar.com\/avis-legal\/"]}]},{"@type":"BreadcrumbList","@id":"https:\/\/marchomar.com\/avis-legal\/#breadcrumb","itemListElement":[{"@type":"ListItem","position":1,"name":"Inici","item":"https:\/\/marchomar.com\/"},{"@type":"ListItem","position":2,"name":"Av\u00eds Legal"}]},{"@type":"WebSite","@id":"https:\/\/marchomar.com\/#website","url":"https:\/\/marchomar.com\/","name":"Marc Homar","description":"Marc Homar desenvolupament web i art visual","publisher":{"@id":"https:\/\/marchomar.com\/#organization"},"potentialAction":[{"@type":"SearchAction","target":{"@type":"EntryPoint","urlTemplate":"https:\/\/marchomar.com\/?s={search_term_string}"},"query-input":{"@type":"PropertyValueSpecification","valueRequired":true,"valueName":"search_term_string"}}],"inLanguage":"en-GB"},{"@type":"Organization","@id":"https:\/\/marchomar.com\/#organization","name":"Marc Homar","url":"https:\/\/marchomar.com\/","logo":{"@type":"ImageObject","inLanguage":"en-GB","@id":"https:\/\/marchomar.com\/#\/schema\/logo\/image\/","url":"https:\/\/marchomar.com\/wp-content\/uploads\/2018\/11\/logoDef2.png","contentUrl":"https:\/\/marchomar.com\/wp-content\/uploads\/2018\/11\/logoDef2.png","width":512,"height":512,"caption":"Marc Homar"},"image":{"@id":"https:\/\/marchomar.com\/#\/schema\/logo\/image\/"},"sameAs":["https:\/\/www.facebook.com\/visual.marchomar","https:\/\/www.instagram.com\/marc.homar\/","https:\/\/es.linkedin.com\/in\/marc-homar-mar\u00edn-87aa07ab","https:\/\/www.youtube.com\/channel\/UC8KSBFtlCH8YnavyvzkiJuA"]}]}},"_links":{"self":[{"href":"https:\/\/marchomar.com\/en\/wp-json\/wp\/v2\/pages\/266","targetHints":{"allow":["GET"]}}],"collection":[{"href":"https:\/\/marchomar.com\/en\/wp-json\/wp\/v2\/pages"}],"about":[{"href":"https:\/\/marchomar.com\/en\/wp-json\/wp\/v2\/types\/page"}],"author":[{"embeddable":true,"href":"https:\/\/marchomar.com\/en\/wp-json\/wp\/v2\/users\/1"}],"replies":[{"embeddable":true,"href":"https:\/\/marchomar.com\/en\/wp-json\/wp\/v2\/comments?post=266"}],"version-history":[{"count":1,"href":"https:\/\/marchomar.com\/en\/wp-json\/wp\/v2\/pages\/266\/revisions"}],"predecessor-version":[{"id":271,"href":"https:\/\/marchomar.com\/en\/wp-json\/wp\/v2\/pages\/266\/revisions\/271"}],"wp:attachment":[{"href":"https:\/\/marchomar.com\/en\/wp-json\/wp\/v2\/media?parent=266"}],"curies":[{"name":"wp","href":"https:\/\/api.w.org\/{rel}","templated":true}]}}