{"id":267,"date":"2020-02-01T13:25:09","date_gmt":"2020-02-01T11:25:09","guid":{"rendered":"https:\/\/www.marchomar.com\/?page_id=267"},"modified":"2020-02-01T13:41:58","modified_gmt":"2020-02-01T11:41:58","slug":"politica-de-cookies","status":"publish","type":"page","link":"https:\/\/marchomar.com\/en\/politica-de-cookies\/","title":{"rendered":"\u00das de Cookies"},"content":{"rendered":"<p><strong>Pol\u00edtica de Cookies<\/strong><\/p>\n\n\n\n<p>Aquesta pol\u00edtica detalla la utilitzaci\u00f3 que el lloc web <a href=\"https:\/\/marchomar.com\/en\/\">https:\/\/marchomar.com\/<\/a> fa de les cookies, els arxius i les tecnologies de cookies en les seves p\u00e0gines web. Al visitar aquesta p\u00e0gina web, estant el navegador configurat per a acceptar la instal\u00b7laci\u00f3 de cookies, es considera acceptada la instal\u00b7laci\u00f3 de cookies i la manera en qu\u00e8 s\u2019utilitzen les esmentades cookies. Les Cookies permeten millorar i optimitzar l\u2019experi\u00e8ncia de l\u2019usuari en la navegaci\u00f3 per aquest lloc web. En cas de no acceptar Cookies, \u00e9s possible configurar les caracter\u00edstiques del navegador d\u2019Internet perqu\u00e8 les esborri del disc dur de l\u2019equip, les bloquegi o notifiqui l\u2019exist\u00e8ncia de cookies abans de la seva instal\u00b7laci\u00f3. Per continuar sense canvis en la configuraci\u00f3 de les cookies, nom\u00e9s \u00e9s necessari seguir visitant aquest lloc web.<\/p>\n\n\n\n<p>A continuaci\u00f3 es detalla qu\u00e8 s\u00f3n les \u201cCookies\u201d, quina tipologia utilitza aquest lloc web, com poden desactivar-se en la configuraci\u00f3 del navegador i com bloquejar espec\u00edficament la instal\u00b7laci\u00f3 de Cookies de tercers.<\/p>\n\n\n\n<p><strong>Qu\u00e8 s\u00f3n les cookies i com funcionen?<\/strong><\/p>\n\n\n\n<p>Una cookie \u00e9s un fitxer que es descarrega en l\u2019equip a l\u2019accedir a determinades p\u00e0gines web per emmagatzemar i recuperar informaci\u00f3 sobre la navegaci\u00f3 que s\u2019efectua des de l\u2019esmentat equip. \u00c9s possible obtenir m\u00e9s informaci\u00f3 sobre aquestes tecnologies i el seu funcionament, en p\u00e0gines com allaboutcookies.org.<\/p>\n\n\n\n<p>L\u2019\u00fas de Cookies permet optimitzar la navegaci\u00f3, adaptant la informaci\u00f3 i els serveis oferts als interessos de l\u2019usuari, per proporcionar una millor experi\u00e8ncia en cada nova visita a aquest lloc web.<\/p>\n\n\n\n<p>Les Cookies s\u2019associen \u00fanicament a un usuari an\u00f2nim i al seu ordinador\/dispositiu i no proporcionen refer\u00e8ncies que permetin con\u00e8ixer dades personals. En tot moment ser\u00e0 possible accedir a la configuraci\u00f3 del navegador per modificar i\/o bloquejar la instal\u00b7laci\u00f3 de les Cookies enviades por aquest lloc Web, sense que aix\u00f2 impedeixi l\u2019acc\u00e9s als continguts. No obstant aix\u00f2, la qualitat del funcionament dels Serveis pot veure\u2019s afectada.<\/p>\n\n\n\n<p><strong>Tipus de cookies<\/strong><\/p>\n\n\n\n<p>Segons quina sigui l\u2019entitat que gestioni el domini des d\u2019on s\u2019envien les cookies i tracti les dades que s\u2019obtinguin se\u2019n poden distingir dos tipus: cookies pr\u00f2pies i cookies de tercers. Les Cookies pr\u00f2pies s\u00f3n aquelles Cookies que s\u00f3n enviades a l\u2019equip i gestionades exclusivament pel millor funcionament del Lloc Web.<\/p>\n\n\n\n<p>A l\u2019interactuar amb el contingut d\u2019aquest Lloc Web tamb\u00e9 poden establir-se cookies de tercers (per exemple, en pr\u00e9mer botons de xarxes socials o visionar v\u00eddeos allotjats en un altre lloc web), que s\u00f3n aquelles establertes per un domini diferent d\u2019aquest Lloc Web. No \u00e9s possible accedir a les dades emmagatzemades en les cookies d\u2019altres llocs web mentre es navegui en els esmentats llocs web.<\/p>\n\n\n\n<p>Existeix tamb\u00e9 una altra classificaci\u00f3 segons el termini de temps que romanguin emmagatzemades en el navegador del client, podent tractar-se de cookies de sessi\u00f3 o cookies permanents. Les cookies de sessi\u00f3 expiren quan l\u2019Usuari abandona la p\u00e0gina o tanca el navegador, \u00e9s a dir, nom\u00e9s estan actives mentre dura la visita al lloc web i s\u00f3n esborrades de l\u2019equip a l\u2019abandonar-lo. Les permanents expiren quan es compleix l\u2019objectiu pel qual serveixen o b\u00e9 quan s\u2019esborren manualment, tenen data d\u2019esborrat i s\u2019utilitzen normalment en processos de compra online, personalitzacions o en el registre, per no haver d\u2019introduir la contrasenya d\u2019usuari constantment.<\/p>\n\n\n\n<p>Per \u00faltim, existeix una altra classificaci\u00f3 amb cinc tipus de cookies segons la finalitat per la qual es tracten les dades obtingudes: cookies t\u00e8cniques, cookies de personalitzaci\u00f3, cookies d\u2019an\u00e0lisi, cookies publicit\u00e0ries i cookies de publicitat comportamental.<\/p>\n\n\n\n<p><strong>Cookies utilitzades a la web<\/strong><\/p>\n\n\n\n<p>A continuaci\u00f3 s\u2019identifiquen les cookies que estan sent utilitzades en aquest portal aix\u00ed com la seva tipologia i funci\u00f3:<\/p>\n\n\n\n<p>Algunes s\u00f3n estrictament necess\u00e0ries perqu\u00e8 la p\u00e0gina funcioni b\u00e9 i d\u2019altres serveixen per millorar el rendiment i l\u2019experi\u00e8ncia d\u2019usuari. Navegar por aquest portal web suposa que es poden instal\u00b7lar els seg\u00fcents tipus de Cookies:<\/p>\n\n\n\n<p>Les cookies estrictament necess\u00e0ries que serveixen per: facilitar serveis o proporcionar informaci\u00f3 sol\u00b7licitada a trav\u00e9s del Lloc i utilitzar les funcions essencials; per exemple, les cookies necess\u00e0ries per proporcionar la funcionalitat del carret de la compra, o b\u00e9 necess\u00e0ries per millorar la seguretat o evitar fraus. Si es desactiven aquestes cookies, no ser\u00e0 possible satisfer les sol\u00b7licituds d\u2019usuari.<\/p>\n\n\n\n<p><strong>Cookies t\u00e8cniques:<\/strong> S\u00f3n aquelles que permeten a l\u2019usuari la navegaci\u00f3 a trav\u00e9s d\u2019una p\u00e0gina web, plataforma o aplicaci\u00f3 i la utilitzaci\u00f3 de les diferents opcions o serveis que en ella existeixin com, per exemple, controlar el tr\u00e0fic i la comunicaci\u00f3 de dades, identificar la sessi\u00f3, accedir a parts d\u2019acc\u00e9s restringit, recordar els elements que integren una comanda, realitzar el proc\u00e9s de compra d\u2019una comanda, realitzar la sol\u00b7licitud d\u2019inscripci\u00f3 o participaci\u00f3 en un event, utilitzar elements de seguretat durant la navegaci\u00f3, emmagatzemar continguts per la difusi\u00f3 de v\u00eddeos o so o compartir continguts a trav\u00e9s de xarxes socials.<\/p>\n\n\n\n<p><strong>Cookies de personalitzaci\u00f3:<\/strong> S\u00f3n aquelles que permeten a l\u2019usuari accedir al servei amb algunes caracter\u00edstiques de car\u00e0cter general predefinides en funci\u00f3 d\u2019una s\u00e8rie de criteris en el terminal de l\u2019usuari com per exemple serien l\u2019idioma, el tipus de navegador a trav\u00e9s del qual accedeix al servei, la configuraci\u00f3 regional des d\u2019on accedeix al servei, etc.<br><\/p>\n\n\n\n<p><strong>Cookies d\u2019an\u00e0lisi:<\/strong> S\u00f3n aquelles que permeten al responsable de les mateixes, el seguiment i an\u00e0lisi del comportament dels usuaris dels llocs web als que estan vinculades. La informaci\u00f3 recollida mitjan\u00e7ant aquest tipus de cookies s\u2019utilitza en el mesurament de l\u2019activitat dels llocs web, aplicaci\u00f3 o plataforma i per l\u2019elaboraci\u00f3 de perfils de navegaci\u00f3 dels usuaris dels esmentats llocs, aplicacions i plataformes, amb la finalitat d\u2019introduir millores en funci\u00f3 de l\u2019an\u00e0lisi de les dades d\u2019\u00fas que fan els usuaris del servei.<\/p>\n\n\n\n<p><strong>Google Analytics:<\/strong> Amb la finalitat de garantir el millor servei a l\u2019usuari, aquest lloc web fa \u00fas de Google Analytics per ajudar a analitzar l\u2019\u00fas que fan els usuaris del lloc Web. Google Analytics \u00e9s una aplicaci\u00f3 que utilitza \u201ccookies\u201d que s\u00f3n fitxers de text que s\u2019emmagatzemen en el seu ordinador per recopilar estad\u00edstiques i informes de navegaci\u00f3 amb la finalitat de millorar la nostra p\u00e0gina, analitzant el n\u00famero de visites que hem rebut, hores de major tr\u00e0fic, etc., aix\u00ed com, informaci\u00f3 relacionada amb l\u2019activitat de la p\u00e0gina. Google processar\u00e0 la informaci\u00f3 en els seus servidors amb la finalitat de prestar el servei a aquest lloc Web i podr\u00e0 transmetre la informaci\u00f3 a tercers per imperatiu legal o a aquells que processin la informaci\u00f3 per compte de Google. En aquest proc\u00e9s Google s\u2019obliga a no associar l\u2019adre\u00e7a IP de l\u2019usuari amb cap altra dada. Aquesta web no utilitza cookies vinculades a plataformes publicit\u00e0ries per l\u2019elaboraci\u00f3 de perfils a partir de prefer\u00e8ncies i comportaments de navegaci\u00f3. En cap cas aquesta Web realitza processos de rastreig o seguiment a trav\u00e9s de Cookies, i mai ho far\u00edem sense obtenir el consentiment previ de l\u2019usuari, tal qual s\u2019expressa en l\u2019article 22.2 de la Llei 34\/2012 de Serveis de la Societat de la Informaci\u00f3 (LSSI).<br>A aquets efectes, s\u2019informa que Google Inc. t\u00e9 la consideraci\u00f3 de \u201csafe harbour\u201d, port segur, quant a la normativa de protecci\u00f3 de dades de car\u00e0cter personal.<br>Pot obtenir informaci\u00f3 completa sobre les condicions de privacitat de Google Analytics en el seg\u00fcent enlla\u00e7: <a href=\"http:\/\/www.google.es\/intl\/es\/policies\/privacy\/.google.es\/intl\/es\/analytics\/privacyoverview.html\">Centro de Privacidad de Google Analytics<\/a>.<br>L\u2019objectiu \u00e9s facilitar la navegaci\u00f3 de l\u2019usuari.<\/p>\n\n\n\n<p>Aquestes cookies s\u00f3n fonamentals per poder utilitzar el lloc web i s\u00f3n la clau per oferir una experi\u00e8ncia excel\u00b7lent. Faciliten la navegaci\u00f3 sense interrupcions gr\u00e0cies a que el lloc web recordar\u00e0, entre d\u2019altres coses, l\u2019idioma i el pa\u00eds seleccionats, i conservaran les dades d\u2019autenticaci\u00f3 en les zones segures del domini. Les cookies ens permeten millorar les nostres p\u00e0gines web al proporcionar-nos informaci\u00f3 valuosa sobre el seu \u00fas. Tamb\u00e9 ens ajuden a oferir-li continguts personalitzats, per exemple, mostrant-li banners que puguin interessar-li i recomanacions importants.<\/p>\n\n\n\n<p>L\u2019\u00fas de Cookies ens permet optimitzar la seva navegaci\u00f3, personalitzant-la, adaptant la informaci\u00f3 i els serveis oferts als seus interessos, per proporcionar-li una millor experi\u00e8ncia sempre que ens visiti. Aquest lloc web utilitza Cookies per funcionar, adaptar i facilitar al m\u00e0xim la navegaci\u00f3 de l\u2019Usuari.<\/p>\n\n\n\n<p><strong>Les Nostres Cookies:<\/strong><\/p>\n\n\n\n<p>Incloem a continuaci\u00f3 una llista de les cookies que usem, la seva finalitat i el m\u00e0xim nombre de dies que romandran en el seu ordinador (tret que els suprimeixi abans):<\/p>\n\n\n\n<p><strong>vuid<\/strong>: Aquesta cookie emmagatza informaci\u00f3 sobre com s&#8217;utilitzen els v\u00eddeos de\u00a0Vimeo\u00a0perqu\u00e8 es puguin fer millores i informar de la nostra productivitat.\u00a0Vimeo\u00a0fa \u00fas de les cookies de\u00a0google\u00a0analytics\u00a0en la utilitzaci\u00f3 dels seus v\u00eddeos<br><strong>cookie_notice_accepted<\/strong>: Aquesta cookie s&#8217;usa utilitza per a guardar la informaci\u00f3 sobre si l&#8217;usuari ha acceptat les cookies. Caduca a l&#8217;any des de l&#8217;\u00faltima actualitzaci\u00f3.<br><\/p>\n\n\n\n<p><strong>Cookies de tercers:<\/strong><\/p>\n\n\n\n<p><strong>Google Analitycs:<br>_ga<\/strong>: S&#8217;usa per a distingir als usuaris. Dos anys.<br><strong>_gat<\/strong>: S&#8217;usa per a diferenciar entre els diferents objectes de seguiment creats en la sessi\u00f3. La cookie es crea en carregar la llibreria javascript i no existeix una versi\u00f3 pr\u00e8via de la cookie _gat. La cookie s&#8217;actualitza cada vegada que envia les dades a Google Analytics.<br><strong>_gid<\/strong>: Google Analytics utilitza aquesta cookie per a emmagatzemar i actualitzar un valor \u00fanic per a cada p\u00e0gina visitada. La cookie s&#8217;actualitza cada vegada que envia les dades a Google Analytics.<\/p>\n\n\n\n<p><strong>Cookies de Google<\/strong><br><strong>NID<\/strong>: Visualitzaci\u00f3 de mapes mitjan\u00e7ant Google Maps. 6 mesos de perman\u00e8ncia.<br><strong>1P_JAR<\/strong>: transfereix dades a Google. T\u00e9 una perman\u00e8ncia d&#8217;1 setmana.<br><strong>ANID, CONSENT: <\/strong>Cont\u00e9 un valor generat aleat\u00f2riament \u00fanic que permet a la Plataforma per a distingir navegadors i dispositius. Aquesta informaci\u00f3 \u00e9s utilitzada per a mesurar el rendiment dels anuncis i proporcionar. Persistent.<\/p>\n\n\n\n<p><strong>Administraci\u00f3 de les Cookies:<\/strong><\/p>\n\n\n\n<p><strong>Qu\u00e8 passa si es deshabiliten les Cookies<\/strong>?<\/p>\n\n\n\n<p>En tot moment podr\u00e0 accedir a la configuraci\u00f3 del seu navegador per modificar i\/o bloquejar la instal\u00b7laci\u00f3 de les Cookies, per\u00f2 aix\u00f2 pot implicar que algunes funcionalitats quedin deshabilitades i que pugui veure\u2019s limitat l\u2019acc\u00e9s a alguns continguts. La qualitat del funcionament dels Serveis pot veure\u2019s afectada.<\/p>\n\n\n\n<p><strong>Forma de desactivar o eliminar les cookies<\/strong><\/p>\n\n\n\n<p>Per permetre, con\u00e8ixer, bloquejar o eliminar les cookies instal\u00b7lades en el seu equip, pot fer-ho mitjan\u00e7ant la configuraci\u00f3 de les opcions del navegador instal\u00b7lat en el seu ordinador.<br>Facilitem p\u00e0gines de consulta per deshabilitar cookies en alguns navegadors:<\/p>\n\n\n\n<p>Chrome \u2013 <a href=\"http:\/\/support.google.com\/chrome\/bin\/answer.py?hl=en&amp;answer=95647\">http:\/\/support.google.com\/chrome\/bin\/answer.py?hl=en&amp;answer=95647<\/a><\/p>\n\n\n\n<p>Safari \u2013 <a href=\"https:\/\/support.apple.com\/kb\/PH21411?locale=es_ES\">https:\/\/support.apple.com\/kb\/PH21411?locale=es_ES<\/a> y iOS \u2013 <a href=\"https:\/\/support.apple.com\/es-es\/HT201265\">https:\/\/support.apple.com\/es-es\/HT201265<\/a><\/p>\n\n\n\n<p>Firefox \u2013 <a href=\"http:\/\/support.mozilla.org\/en-US\/kb\/Cookies\">http:\/\/support.mozilla.org\/en-US\/kb\/Cookies<\/a><\/p>\n\n\n\n<p>Opera \u2013 <a href=\"http:\/\/help.opera.com\/Linux\/10.60\/es-ES\/cookies.html\">http:\/\/help.opera.com\/Linux\/10.60\/es-ES\/cookies.html<\/a><\/p>\n\n\n\n<p>Edge: <a href=\"https:\/\/support.microsoft.com\/es-es\/help\/4468242\/microsoft-edge-browsing-data-and-privacy-microsoft-privacy\">https:\/\/support.microsoft.com\/es-es\/help\/4468242\/microsoft-edge-browsing-data-and-privacy-microsoft-privacy<br><\/a>IE5 (<a href=\"http:\/\/support.microsoft.com\/kb\/196955\">http:\/\/support.microsoft.com\/kb\/196955<\/a>)<\/p>\n\n\n\n<p>IE6 (<a href=\"http:\/\/support.microsoft.com\/kb\/283185\">http:\/\/support.microsoft.com\/kb\/283185<\/a>)<\/p>\n\n\n\n<p>IE7 (<a href=\"http:\/\/www.allaboutcookies.org\/manage-cookies\/internet-explorer7-plus.html\">http:\/\/www.allaboutcookies.org\/manage-cookies\/internet-explorer7-plus.html<\/a>)<\/p>\n\n\n\n<p>IE8 IE9 IE10 IE11 (<a href=\"https:\/\/support.microsoft.com\/es-es\/help\/17442\/windows-internet-explorer-delete-manage-cookies\">https:\/\/support.microsoft.com\/es-es\/help\/17442\/windows-internet-explorer-delete-manage-cookies<\/a>)<\/p>\n\n\n\n<p><\/p>","protected":false},"excerpt":{"rendered":"<p>Pol\u00edtica de Cookies Aquesta pol\u00edtica detalla la utilitzaci\u00f3 que el lloc web https:\/\/marchomar.com\/ fa de les cookies, els arxius i les tecnologies de cookies en les seves p\u00e0gines web. Al visitar aquesta p\u00e0gina web, estant el navegador configurat per a acceptar la instal\u00b7laci\u00f3 de cookies, es considera acceptada la instal\u00b7laci\u00f3 de cookies i la manera [&hellip;]<\/p>","protected":false},"author":1,"featured_media":0,"parent":0,"menu_order":0,"comment_status":"closed","ping_status":"closed","template":"page-politica.php","meta":{"footnotes":""},"class_list":["post-267","page","type-page","status-publish","hentry"],"yoast_head":"<!-- This site is optimized with the Yoast SEO plugin v24.6 - https:\/\/yoast.com\/wordpress\/plugins\/seo\/ -->\n<title>\u00das de Cookies - Marc Homar<\/title>\n<meta name=\"description\" content=\"Web Development: Codi personalitzat, responsive, creaci\u00f3 de temes wordpress, HTML, CSS, Javascript, PHP. Visuals: Videojockey, VideoMapping.\" \/>\n<meta name=\"robots\" content=\"noindex, follow\" \/>\n<meta property=\"og:locale\" content=\"en_GB\" \/>\n<meta property=\"og:type\" content=\"article\" \/>\n<meta property=\"og:title\" content=\"\u00das de Cookies - Marc Homar\" \/>\n<meta property=\"og:description\" content=\"Web Development: Codi personalitzat, responsive, creaci\u00f3 de temes wordpress, HTML, CSS, Javascript, PHP. Visuals: Videojockey, VideoMapping.\" \/>\n<meta property=\"og:url\" content=\"https:\/\/marchomar.com\/en\/politica-de-cookies\/\" \/>\n<meta property=\"og:site_name\" content=\"Marc Homar\" \/>\n<meta property=\"article:publisher\" content=\"https:\/\/www.facebook.com\/visual.marchomar\" \/>\n<meta property=\"article:modified_time\" content=\"2020-02-01T11:41:58+00:00\" \/>\n<meta name=\"twitter:card\" content=\"summary_large_image\" \/>\n<meta name=\"twitter:label1\" content=\"Estimated reading time\" \/>\n\t<meta name=\"twitter:data1\" content=\"10 minutes\" \/>\n<script type=\"application\/ld+json\" class=\"yoast-schema-graph\">{\"@context\":\"https:\/\/schema.org\",\"@graph\":[{\"@type\":\"WebPage\",\"@id\":\"https:\/\/marchomar.com\/politica-de-cookies\/\",\"url\":\"https:\/\/marchomar.com\/politica-de-cookies\/\",\"name\":\"\u00das de Cookies - Marc Homar\",\"isPartOf\":{\"@id\":\"https:\/\/marchomar.com\/#website\"},\"datePublished\":\"2020-02-01T11:25:09+00:00\",\"dateModified\":\"2020-02-01T11:41:58+00:00\",\"description\":\"Web Development: Codi personalitzat, responsive, creaci\u00f3 de temes wordpress, HTML, CSS, Javascript, PHP. Visuals: Videojockey, VideoMapping.\",\"breadcrumb\":{\"@id\":\"https:\/\/marchomar.com\/politica-de-cookies\/#breadcrumb\"},\"inLanguage\":\"en-GB\",\"potentialAction\":[{\"@type\":\"ReadAction\",\"target\":[\"https:\/\/marchomar.com\/politica-de-cookies\/\"]}]},{\"@type\":\"BreadcrumbList\",\"@id\":\"https:\/\/marchomar.com\/politica-de-cookies\/#breadcrumb\",\"itemListElement\":[{\"@type\":\"ListItem\",\"position\":1,\"name\":\"Inici\",\"item\":\"https:\/\/marchomar.com\/\"},{\"@type\":\"ListItem\",\"position\":2,\"name\":\"\u00das de Cookies\"}]},{\"@type\":\"WebSite\",\"@id\":\"https:\/\/marchomar.com\/#website\",\"url\":\"https:\/\/marchomar.com\/\",\"name\":\"Marc Homar\",\"description\":\"Marc Homar desenvolupament web i art visual\",\"publisher\":{\"@id\":\"https:\/\/marchomar.com\/#organization\"},\"potentialAction\":[{\"@type\":\"SearchAction\",\"target\":{\"@type\":\"EntryPoint\",\"urlTemplate\":\"https:\/\/marchomar.com\/?s={search_term_string}\"},\"query-input\":{\"@type\":\"PropertyValueSpecification\",\"valueRequired\":true,\"valueName\":\"search_term_string\"}}],\"inLanguage\":\"en-GB\"},{\"@type\":\"Organization\",\"@id\":\"https:\/\/marchomar.com\/#organization\",\"name\":\"Marc Homar\",\"url\":\"https:\/\/marchomar.com\/\",\"logo\":{\"@type\":\"ImageObject\",\"inLanguage\":\"en-GB\",\"@id\":\"https:\/\/marchomar.com\/#\/schema\/logo\/image\/\",\"url\":\"https:\/\/marchomar.com\/wp-content\/uploads\/2018\/11\/logoDef2.png\",\"contentUrl\":\"https:\/\/marchomar.com\/wp-content\/uploads\/2018\/11\/logoDef2.png\",\"width\":512,\"height\":512,\"caption\":\"Marc Homar\"},\"image\":{\"@id\":\"https:\/\/marchomar.com\/#\/schema\/logo\/image\/\"},\"sameAs\":[\"https:\/\/www.facebook.com\/visual.marchomar\",\"https:\/\/www.instagram.com\/marc.homar\/\",\"https:\/\/es.linkedin.com\/in\/marc-homar-mar\u00edn-87aa07ab\",\"https:\/\/www.youtube.com\/channel\/UC8KSBFtlCH8YnavyvzkiJuA\"]}]}<\/script>\n<!-- \/ Yoast SEO plugin. -->","yoast_head_json":{"title":"\u00das de Cookies - Marc Homar","description":"Web Development: Codi personalitzat, responsive, creaci\u00f3 de temes wordpress, HTML, CSS, Javascript, PHP. Visuals: Videojockey, VideoMapping.","robots":{"index":"noindex","follow":"follow"},"og_locale":"en_GB","og_type":"article","og_title":"\u00das de Cookies - Marc Homar","og_description":"Web Development: Codi personalitzat, responsive, creaci\u00f3 de temes wordpress, HTML, CSS, Javascript, PHP. Visuals: Videojockey, VideoMapping.","og_url":"https:\/\/marchomar.com\/en\/politica-de-cookies\/","og_site_name":"Marc Homar","article_publisher":"https:\/\/www.facebook.com\/visual.marchomar","article_modified_time":"2020-02-01T11:41:58+00:00","twitter_card":"summary_large_image","twitter_misc":{"Estimated reading time":"10 minutes"},"schema":{"@context":"https:\/\/schema.org","@graph":[{"@type":"WebPage","@id":"https:\/\/marchomar.com\/politica-de-cookies\/","url":"https:\/\/marchomar.com\/politica-de-cookies\/","name":"\u00das de Cookies - Marc Homar","isPartOf":{"@id":"https:\/\/marchomar.com\/#website"},"datePublished":"2020-02-01T11:25:09+00:00","dateModified":"2020-02-01T11:41:58+00:00","description":"Web Development: Codi personalitzat, responsive, creaci\u00f3 de temes wordpress, HTML, CSS, Javascript, PHP. Visuals: Videojockey, VideoMapping.","breadcrumb":{"@id":"https:\/\/marchomar.com\/politica-de-cookies\/#breadcrumb"},"inLanguage":"en-GB","potentialAction":[{"@type":"ReadAction","target":["https:\/\/marchomar.com\/politica-de-cookies\/"]}]},{"@type":"BreadcrumbList","@id":"https:\/\/marchomar.com\/politica-de-cookies\/#breadcrumb","itemListElement":[{"@type":"ListItem","position":1,"name":"Inici","item":"https:\/\/marchomar.com\/"},{"@type":"ListItem","position":2,"name":"\u00das de Cookies"}]},{"@type":"WebSite","@id":"https:\/\/marchomar.com\/#website","url":"https:\/\/marchomar.com\/","name":"Marc Homar","description":"Marc Homar desenvolupament web i art visual","publisher":{"@id":"https:\/\/marchomar.com\/#organization"},"potentialAction":[{"@type":"SearchAction","target":{"@type":"EntryPoint","urlTemplate":"https:\/\/marchomar.com\/?s={search_term_string}"},"query-input":{"@type":"PropertyValueSpecification","valueRequired":true,"valueName":"search_term_string"}}],"inLanguage":"en-GB"},{"@type":"Organization","@id":"https:\/\/marchomar.com\/#organization","name":"Marc Homar","url":"https:\/\/marchomar.com\/","logo":{"@type":"ImageObject","inLanguage":"en-GB","@id":"https:\/\/marchomar.com\/#\/schema\/logo\/image\/","url":"https:\/\/marchomar.com\/wp-content\/uploads\/2018\/11\/logoDef2.png","contentUrl":"https:\/\/marchomar.com\/wp-content\/uploads\/2018\/11\/logoDef2.png","width":512,"height":512,"caption":"Marc Homar"},"image":{"@id":"https:\/\/marchomar.com\/#\/schema\/logo\/image\/"},"sameAs":["https:\/\/www.facebook.com\/visual.marchomar","https:\/\/www.instagram.com\/marc.homar\/","https:\/\/es.linkedin.com\/in\/marc-homar-mar\u00edn-87aa07ab","https:\/\/www.youtube.com\/channel\/UC8KSBFtlCH8YnavyvzkiJuA"]}]}},"_links":{"self":[{"href":"https:\/\/marchomar.com\/en\/wp-json\/wp\/v2\/pages\/267","targetHints":{"allow":["GET"]}}],"collection":[{"href":"https:\/\/marchomar.com\/en\/wp-json\/wp\/v2\/pages"}],"about":[{"href":"https:\/\/marchomar.com\/en\/wp-json\/wp\/v2\/types\/page"}],"author":[{"embeddable":true,"href":"https:\/\/marchomar.com\/en\/wp-json\/wp\/v2\/users\/1"}],"replies":[{"embeddable":true,"href":"https:\/\/marchomar.com\/en\/wp-json\/wp\/v2\/comments?post=267"}],"version-history":[{"count":2,"href":"https:\/\/marchomar.com\/en\/wp-json\/wp\/v2\/pages\/267\/revisions"}],"predecessor-version":[{"id":273,"href":"https:\/\/marchomar.com\/en\/wp-json\/wp\/v2\/pages\/267\/revisions\/273"}],"wp:attachment":[{"href":"https:\/\/marchomar.com\/en\/wp-json\/wp\/v2\/media?parent=267"}],"curies":[{"name":"wp","href":"https:\/\/api.w.org\/{rel}","templated":true}]}}